{"id":1325,"date":"2017-10-24T13:23:42","date_gmt":"2017-10-24T12:23:42","guid":{"rendered":"https:\/\/phemadagascar.org\/connexions-des-membres\/"},"modified":"2017-10-24T14:22:27","modified_gmt":"2017-10-24T13:22:27","slug":"connexions-des-membres","status":"publish","type":"page","link":"https:\/\/phemadagascar.org\/fr\/portail\/connexions-des-membres\/","title":{"rendered":"Connexions des membres"},"content":{"rendered":"<p>[et_pb_section bb_built=\u00a0\u00bb1&Prime; fullwidth=\u00a0\u00bbon\u00a0\u00bb specialty=\u00a0\u00bboff\u00a0\u00bb][et_pb_fullwidth_header _builder_version=\u00a0\u00bb3.0.77&Prime; title=\u00a0\u00bbConnexions des membres\u00a0\u00bb background_color=\u00a0\u00bb#3399cc\u00a0\u00bb text_orientation=\u00a0\u00bbcenter\u00a0\u00bb header_fullscreen=\u00a0\u00bboff\u00a0\u00bb header_scroll_down=\u00a0\u00bboff\u00a0\u00bb image_orientation=\u00a0\u00bbcenter\u00a0\u00bb background_layout=\u00a0\u00bbdark\u00a0\u00bb content_orientation=\u00a0\u00bbcenter\u00a0\u00bb custom_button_one=\u00a0\u00bboff\u00a0\u00bb button_one_letter_spacing=\u00a0\u00bb0&Prime; button_one_icon_placement=\u00a0\u00bbright\u00a0\u00bb button_one_letter_spacing_hover=\u00a0\u00bb0&Prime; custom_button_two=\u00a0\u00bboff\u00a0\u00bb button_two_letter_spacing=\u00a0\u00bb0&Prime; button_two_icon_placement=\u00a0\u00bbright\u00a0\u00bb button_two_letter_spacing_hover=\u00a0\u00bb0&Prime; \/][\/et_pb_section][et_pb_section bb_built=\u00a0\u00bb1&Prime;][et_pb_row][et_pb_column type=\u00a0\u00bb4_4&Prime;][et_pb_text _builder_version=\u00a0\u00bb3.0.77&Prime; background_layout=\u00a0\u00bblight\u00a0\u00bb border_style=\u00a0\u00bbsolid\u00a0\u00bb]<\/p>\n<p style=\"line-height: 170%;\"><span style=\"font-size: 14pt;\">Souvent les organisations environnementales souhaitent entrer en contact avec les organisations sanitaires afin d&rsquo;explorer les possibilit\u00e9s d&rsquo;augmenter l&rsquo;acc\u00e8s aux services de sant\u00e9 communautaires dans les zones mal desservies et riches en biodiversit\u00e9 o\u00f9 elles travaillent. <\/span><\/p>\n<p style=\"line-height: 170%;\"><span style=\"font-size: 14pt;\">Bient\u00f4t, le r\u00e9seau SPE lancera une base de donn\u00e9es en ligne de toutes les activit\u00e9s et les zones d&rsquo;intervention des membres du r\u00e9seau afin de faciliter l&rsquo;identification de nouveaux partenariats SPE. Entre-temps, nous fournissons les informations suivantes concernant les organisations sanitaires que les organisations environnementales pourraient souhaiter contacter:<\/span><\/p>\n<p>[\/et_pb_text][\/et_pb_column][\/et_pb_row][et_pb_row][et_pb_column type=\u00a0\u00bb1_2&Prime;][et_pb_text _builder_version=\u00a0\u00bb3.0.77&Prime; background_layout=\u00a0\u00bblight\u00a0\u00bb border_style=\u00a0\u00bbsolid\u00a0\u00bb]<\/p>\n<h3><strong>Marie Stopes Madagascar (MSM)\u00a0<\/strong>:<\/h3>\n<p>[\/et_pb_text][et_pb_text _builder_version=\u00a0\u00bb3.0.77&Prime; background_layout=\u00a0\u00bblight\u00a0\u00bb border_style=\u00a0\u00bbsolid\u00a0\u00bb]<\/p>\n<ul>\n<li>Travaille dans toutes les r\u00e9gions de Madagascar et offre une gamme de contraceptifs incluant des m\u00e9thodes r\u00e9versibles \u00e0 longue dur\u00e9e d&rsquo;action telles que les implants et les dispositifs intra-ut\u00e9rins<\/li>\n<li>Les <strong>\u00e9quipes mobiles<\/strong> se d\u00e9placent en 4&#215;4 et desservent les communaut\u00e9s isol\u00e9es plusieurs fois par an &#8211; contactez Marie Stopes pour voir si ces \u00e9quipes mobiles peuvent visiter vos sites (normalement vous n&rsquo;avez pas besoin de fournir de financement pour une telle collaboration)<\/li>\n<li>Les<strong> Marie Stopes ladies<\/strong> sont des professionnels de la sant\u00e9 bas\u00e9s dans les villes mais elles peuvent se d\u00e9placer pour offrir les services aux populations rurales si elles sont invit\u00e9es par des organisations environnementales (vous pouvez \u00eatre demand\u00e9 de payer les frais de transport et l&rsquo;h\u00e9bergement pendant leurs missions)<\/li>\n<\/ul>\n<p>[\/et_pb_text][et_pb_text _builder_version=\u00a0\u00bb3.0.77&Prime; background_layout=\u00a0\u00bblight\u00a0\u00bb border_style=\u00a0\u00bbsolid\u00a0\u00bb]<\/p>\n<p><span style=\"font-size: 12pt;\">MSM &#8211; Responsable des Partenariats:\u00a0<strong>Eug\u00e8ne Andriamasy<\/strong><br \/>\n\ud83d\udce9 <a href=\"mailto:eugene.andriamasy@mariestopes.org.mg\">eugene.andriamasy@mariestopes.org.mg<\/a><br \/>\n\u260e\ufe0f 034 11 836 08<br \/>\n\ud83d\udccd\u00a0Toutes les r\u00e9gions<\/span><\/p>\n<p>&nbsp;<\/p>\n<p>[\/et_pb_text][\/et_pb_column][et_pb_column type=\u00a0\u00bb1_2&Prime;][et_pb_image _builder_version=\u00a0\u00bb3.0.77&Prime; src=\u00a0\u00bbhttps:\/\/phemadagascar.org\/wp-content\/uploads\/2017\/10\/DSC00454.Marissa.jpg\u00a0\u00bb show_in_lightbox=\u00a0\u00bboff\u00a0\u00bb url_new_window=\u00a0\u00bboff\u00a0\u00bb use_overlay=\u00a0\u00bboff\u00a0\u00bb always_center_on_mobile=\u00a0\u00bbon\u00a0\u00bb border_style=\u00a0\u00bbsolid\u00a0\u00bb force_fullwidth=\u00a0\u00bboff\u00a0\u00bb show_bottom_space=\u00a0\u00bbon\u00a0\u00bb \/][\/et_pb_column][\/et_pb_row][et_pb_row][et_pb_column type=\u00a0\u00bb1_2&Prime;][et_pb_text _builder_version=\u00a0\u00bb3.0.77&Prime; background_layout=\u00a0\u00bblight\u00a0\u00bb border_style=\u00a0\u00bbsolid\u00a0\u00bb]<\/p>\n<h3><strong>Mahefa Miaraka<\/strong> et\u00a0<strong>USAID Mikolo<\/strong> &#8211; avec le<strong>\u00a0Minist\u00e8re de la Sant\u00e9 Publique <\/strong>:<\/h3>\n<p>[\/et_pb_text][et_pb_image _builder_version=\u00a0\u00bb3.0.77&Prime; src=\u00a0\u00bbhttps:\/\/phemadagascar.org\/wp-content\/uploads\/2017\/10\/CHV.jpg\u00a0\u00bb show_in_lightbox=\u00a0\u00bboff\u00a0\u00bb url_new_window=\u00a0\u00bboff\u00a0\u00bb use_overlay=\u00a0\u00bboff\u00a0\u00bb always_center_on_mobile=\u00a0\u00bbon\u00a0\u00bb border_style=\u00a0\u00bbsolid\u00a0\u00bb force_fullwidth=\u00a0\u00bboff\u00a0\u00bb show_bottom_space=\u00a0\u00bbon\u00a0\u00bb \/][\/et_pb_column][et_pb_column type=\u00a0\u00bb1_2&Prime;][et_pb_text _builder_version=\u00a0\u00bb3.0.77&Prime; background_layout=\u00a0\u00bblight\u00a0\u00bb border_style=\u00a0\u00bbsolid\u00a0\u00bb]<\/p>\n<ul>\n<li>Projets financ\u00e9s par l&rsquo;USAID qui renforcent le syst\u00e8me de sant\u00e9 publique et soutiennent les <strong>agents communautaires<\/strong> afin qu&rsquo;ils puissent offrir des m\u00e9thodes contraceptives \u00e0 courte dur\u00e9e d&rsquo;action, y compris les pilules et les injections, les r\u00e9f\u00e9rences pour les m\u00e9thodes contraceptives \u00e0 longue dur\u00e9e d&rsquo;action et les soins maternels, la prise en charge int\u00e9gr\u00e9e des maladies de l&rsquo;enfant, la nutrition, la promotion de WASH, etc. &#8211; chaque fokontany devrait disposer de deux agents communautaires<\/li>\n<li>Les organisations environnementales pourraient former les agents communautaires afin qu&rsquo;ils puissent discuter des liens entre la sant\u00e9 humaine et la sant\u00e9 des \u00e9cosyst\u00e8mes avec leurs communaut\u00e9s, <strong>encourager la participation des femmes \u00e0 la gestion des ressources naturelles<\/strong>, etc &#8211; et le personnel des organisations environnementales pourrait collaborer avec des agents communautaires pour<strong> int\u00e9grer des messages sanitaires dans les activit\u00e9s de sensibilisation communautaire<\/strong>, discuter de la sant\u00e9 familiale avec des hommes pendant les r\u00e9unions concernant la gestion des ressources naturelles, etc<\/li>\n<\/ul>\n<p>[\/et_pb_text][\/et_pb_column][\/et_pb_row][et_pb_row][et_pb_column type=\u00a0\u00bb4_4&Prime;][et_pb_text _builder_version=\u00a0\u00bb3.0.77&Prime; background_layout=\u00a0\u00bblight\u00a0\u00bb border_style=\u00a0\u00bbsolid\u00a0\u00bb]<\/p>\n<p><span style=\"font-size: 12pt;\">Minist\u00e8re de la Sant\u00e9 Publique &#8211; Directeur du Partenariat :\u00a0<strong>Dr Hery Harimanitra Andriamanjato<\/strong><br \/>\n\ud83d\udce9\u00a0<a href=\"mailto:mboarah@sante.gov.mg\">mboarah@sante.gov.mg<\/a><br \/>\n\u260e\ufe0f\u00a0034 05 800 02<br \/>\n\ud83d\udccd\u00a0Toutes les r\u00e9gions (Dr Andriamanjato peut vous connecter avec le DRS dans votre r\u00e9gion)<\/span><\/p>\n<p><span style=\"font-size: 12pt;\">Mahefa Miaraka (2016-2021) :\u00a0<strong>Yvette Ribaira<\/strong><br \/>\n\ud83d\udce9\u00a0<a href=\"mailto:yvette_ribaira@mg.jsi.com\">yvette_ribaira@mg.jsi.com<\/a><br \/>\n\u260e\ufe0f\u00a0034 49 790 02<br \/>\n\ud83d\udccd\u00a0Analanjirofo, Sava, Diana, Sofia, Boeny, Melaky &amp; Menabe<\/span><\/p>\n<p><span style=\"font-size: 12pt;\">USAID Mikolo (2013-2018) : <strong>John Yanulis<\/strong><br \/>\n\ud83d\udce9\u00a0<a href=\"mailto:jyanulis@mikolo.org\">jyanulis@mikolo.org<\/a><br \/>\n\u260e\ufe0f\u00a0034 42 550 29<br \/>\n\ud83d\udccd\u00a0Atsimo-Andrefana,\u00a0Atsinanana, Vatovavy-Fitovinany, Haute Matsiatra, Amoron\u2019i Mania, Vakinankaratra, Analamanga &amp; Alaotra-Mangoro<\/span><\/p>\n<p><span style=\"font-size: 12pt;\"><em><strong>Remarque :<\/strong>\u00a0un nouveau projet financ\u00e9 par l&rsquo;USAID appel\u00e9 ACCESS (2018-2023) sera mis en \u0153uvre dans les regions Atsimo-Andrefana, Atsinanana et Vatovavy-Fitovinany \u00e0 partir de 2018, ainsi que les sept r\u00e9gions actuellement servies par le projet Mahefa Miaraka \u00e0 partir de 2021.<\/em><\/span><\/p>\n<p>[\/et_pb_text][\/et_pb_column][\/et_pb_row][\/et_pb_section]<\/p>\n","protected":false},"excerpt":{"rendered":"<p><div class=\"et_pb_row et_pb_row_0 et_pb_row_empty\">\n\t\t\t\t\n\t\t\t\t\n\t\t\t\t\n\t\t\t\t\n\t\t\t\t\n\t\t\t<\/div> Souvent les organisations environnementales souhaitent entrer en contact avec les organisations sanitaires afin d&rsquo;explorer les possibilit\u00e9s d&rsquo;augmenter l&rsquo;acc\u00e8s aux services de sant\u00e9 communautaires dans les zones mal desservies et riches en biodiversit\u00e9 o\u00f9 elles travaillent. Bient\u00f4t, le r\u00e9seau SPE lancera une base de donn\u00e9es en ligne de toutes les activit\u00e9s et les zones d&rsquo;intervention [&hellip;]<\/p>\n","protected":false},"author":6,"featured_media":0,"parent":1326,"menu_order":0,"comment_status":"closed","ping_status":"closed","template":"","meta":{"_et_pb_use_builder":"on","_et_pb_old_content":"","_et_gb_content_width":"","footnotes":""},"class_list":["post-1325","page","type-page","status-publish","hentry"],"yoast_head":"<!-- This site is optimized with the Yoast SEO plugin v27.5 - https:\/\/yoast.com\/product\/yoast-seo-wordpress\/ -->\n<title>Connexions des membres - R\u00e9seau SPE de Madagascar<\/title>\n<meta name=\"description\" content=\"Ceci est un espace qui permet aux membres du r\u00e9seau SPE de se mettre en connection et d&#039;explorer les nouveaux possibilit\u00e9s de partenariats SPE.\" \/>\n<meta name=\"robots\" content=\"index, follow, max-snippet:-1, max-image-preview:large, max-video-preview:-1\" \/>\n<link rel=\"canonical\" href=\"https:\/\/phemadagascar.org\/fr\/portail\/connexions-des-membres\/\" \/>\n<meta property=\"og:locale\" content=\"fr_FR\" \/>\n<meta property=\"og:type\" content=\"article\" \/>\n<meta property=\"og:title\" content=\"Connexions des membres - R\u00e9seau SPE de Madagascar\" \/>\n<meta property=\"og:description\" content=\"Ceci est un espace qui permet aux membres du r\u00e9seau SPE de se mettre en connection et d&#039;explorer les nouveaux possibilit\u00e9s de partenariats SPE.\" \/>\n<meta property=\"og:url\" content=\"https:\/\/phemadagascar.org\/fr\/portail\/connexions-des-membres\/\" \/>\n<meta property=\"og:site_name\" content=\"Sant\u00e9 Population Environnement\" \/>\n<meta property=\"article:modified_time\" content=\"2017-10-24T13:22:27+00:00\" \/>\n<meta name=\"twitter:label1\" content=\"Dur\u00e9e de lecture estim\u00e9e\" \/>\n\t<meta name=\"twitter:data1\" content=\"4 minutes\" \/>\n<script type=\"application\/ld+json\" class=\"yoast-schema-graph\">{\"@context\":\"https:\\\/\\\/schema.org\",\"@graph\":[{\"@type\":\"WebPage\",\"@id\":\"https:\\\/\\\/phemadagascar.org\\\/fr\\\/portail\\\/connexions-des-membres\\\/\",\"url\":\"https:\\\/\\\/phemadagascar.org\\\/fr\\\/portail\\\/connexions-des-membres\\\/\",\"name\":\"Connexions des membres - R\u00e9seau SPE de Madagascar\",\"isPartOf\":{\"@id\":\"https:\\\/\\\/phemadagascar.org\\\/#website\"},\"datePublished\":\"2017-10-24T12:23:42+00:00\",\"dateModified\":\"2017-10-24T13:22:27+00:00\",\"description\":\"Ceci est un espace qui permet aux membres du r\u00e9seau SPE de se mettre en connection et d'explorer les nouveaux possibilit\u00e9s de partenariats SPE.\",\"breadcrumb\":{\"@id\":\"https:\\\/\\\/phemadagascar.org\\\/fr\\\/portail\\\/connexions-des-membres\\\/#breadcrumb\"},\"inLanguage\":\"fr-FR\",\"potentialAction\":[{\"@type\":\"ReadAction\",\"target\":[\"https:\\\/\\\/phemadagascar.org\\\/fr\\\/portail\\\/connexions-des-membres\\\/\"]}]},{\"@type\":\"BreadcrumbList\",\"@id\":\"https:\\\/\\\/phemadagascar.org\\\/fr\\\/portail\\\/connexions-des-membres\\\/#breadcrumb\",\"itemListElement\":[{\"@type\":\"ListItem\",\"position\":1,\"name\":\"Home\",\"item\":\"https:\\\/\\\/phemadagascar.org\\\/fr\\\/\"},{\"@type\":\"ListItem\",\"position\":2,\"name\":\"Portail\",\"item\":\"https:\\\/\\\/phemadagascar.org\\\/fr\\\/portail\\\/\"},{\"@type\":\"ListItem\",\"position\":3,\"name\":\"Connexions des membres\"}]},{\"@type\":\"WebSite\",\"@id\":\"https:\\\/\\\/phemadagascar.org\\\/#website\",\"url\":\"https:\\\/\\\/phemadagascar.org\\\/\",\"name\":\"Sant\u00e9 Population Environnement\",\"description\":\"SPE Madagascar\",\"potentialAction\":[{\"@type\":\"SearchAction\",\"target\":{\"@type\":\"EntryPoint\",\"urlTemplate\":\"https:\\\/\\\/phemadagascar.org\\\/?s={search_term_string}\"},\"query-input\":{\"@type\":\"PropertyValueSpecification\",\"valueRequired\":true,\"valueName\":\"search_term_string\"}}],\"inLanguage\":\"fr-FR\"}]}<\/script>\n<!-- \/ Yoast SEO plugin. -->","yoast_head_json":{"title":"Connexions des membres - R\u00e9seau SPE de Madagascar","description":"Ceci est un espace qui permet aux membres du r\u00e9seau SPE de se mettre en connection et d'explorer les nouveaux possibilit\u00e9s de partenariats SPE.","robots":{"index":"index","follow":"follow","max-snippet":"max-snippet:-1","max-image-preview":"max-image-preview:large","max-video-preview":"max-video-preview:-1"},"canonical":"https:\/\/phemadagascar.org\/fr\/portail\/connexions-des-membres\/","og_locale":"fr_FR","og_type":"article","og_title":"Connexions des membres - R\u00e9seau SPE de Madagascar","og_description":"Ceci est un espace qui permet aux membres du r\u00e9seau SPE de se mettre en connection et d'explorer les nouveaux possibilit\u00e9s de partenariats SPE.","og_url":"https:\/\/phemadagascar.org\/fr\/portail\/connexions-des-membres\/","og_site_name":"Sant\u00e9 Population Environnement","article_modified_time":"2017-10-24T13:22:27+00:00","twitter_misc":{"Dur\u00e9e de lecture estim\u00e9e":"4 minutes"},"schema":{"@context":"https:\/\/schema.org","@graph":[{"@type":"WebPage","@id":"https:\/\/phemadagascar.org\/fr\/portail\/connexions-des-membres\/","url":"https:\/\/phemadagascar.org\/fr\/portail\/connexions-des-membres\/","name":"Connexions des membres - R\u00e9seau SPE de Madagascar","isPartOf":{"@id":"https:\/\/phemadagascar.org\/#website"},"datePublished":"2017-10-24T12:23:42+00:00","dateModified":"2017-10-24T13:22:27+00:00","description":"Ceci est un espace qui permet aux membres du r\u00e9seau SPE de se mettre en connection et d'explorer les nouveaux possibilit\u00e9s de partenariats SPE.","breadcrumb":{"@id":"https:\/\/phemadagascar.org\/fr\/portail\/connexions-des-membres\/#breadcrumb"},"inLanguage":"fr-FR","potentialAction":[{"@type":"ReadAction","target":["https:\/\/phemadagascar.org\/fr\/portail\/connexions-des-membres\/"]}]},{"@type":"BreadcrumbList","@id":"https:\/\/phemadagascar.org\/fr\/portail\/connexions-des-membres\/#breadcrumb","itemListElement":[{"@type":"ListItem","position":1,"name":"Home","item":"https:\/\/phemadagascar.org\/fr\/"},{"@type":"ListItem","position":2,"name":"Portail","item":"https:\/\/phemadagascar.org\/fr\/portail\/"},{"@type":"ListItem","position":3,"name":"Connexions des membres"}]},{"@type":"WebSite","@id":"https:\/\/phemadagascar.org\/#website","url":"https:\/\/phemadagascar.org\/","name":"Sant\u00e9 Population Environnement","description":"SPE Madagascar","potentialAction":[{"@type":"SearchAction","target":{"@type":"EntryPoint","urlTemplate":"https:\/\/phemadagascar.org\/?s={search_term_string}"},"query-input":{"@type":"PropertyValueSpecification","valueRequired":true,"valueName":"search_term_string"}}],"inLanguage":"fr-FR"}]}},"_links":{"self":[{"href":"https:\/\/phemadagascar.org\/fr\/wp-json\/wp\/v2\/pages\/1325","targetHints":{"allow":["GET"]}}],"collection":[{"href":"https:\/\/phemadagascar.org\/fr\/wp-json\/wp\/v2\/pages"}],"about":[{"href":"https:\/\/phemadagascar.org\/fr\/wp-json\/wp\/v2\/types\/page"}],"author":[{"embeddable":true,"href":"https:\/\/phemadagascar.org\/fr\/wp-json\/wp\/v2\/users\/6"}],"replies":[{"embeddable":true,"href":"https:\/\/phemadagascar.org\/fr\/wp-json\/wp\/v2\/comments?post=1325"}],"version-history":[{"count":0,"href":"https:\/\/phemadagascar.org\/fr\/wp-json\/wp\/v2\/pages\/1325\/revisions"}],"up":[{"embeddable":true,"href":"https:\/\/phemadagascar.org\/fr\/wp-json\/wp\/v2\/pages\/1326"}],"wp:attachment":[{"href":"https:\/\/phemadagascar.org\/fr\/wp-json\/wp\/v2\/media?parent=1325"}],"curies":[{"name":"wp","href":"https:\/\/api.w.org\/{rel}","templated":true}]}}